{"id":61,"date":"2013-09-29T23:46:17","date_gmt":"2013-09-29T23:46:17","guid":{"rendered":"http:\/\/www.it-p.si\/?page_id=61"},"modified":"2022-09-11T12:46:15","modified_gmt":"2022-09-11T12:46:15","slug":"vizitka","status":"publish","type":"page","link":"https:\/\/www.it-p.si\/en\/naslovna-stran\/vizitka\/","title":{"rendered":"business card"},"content":{"rendered":"<p>&nbsp;<\/p>\n<h3 style=\"padding-left: 30px;\"><span style=\"color: #00b8f0;\"><strong><span style=\"color: #00b8f0;\">Company's name: <\/span><\/strong><\/span>ITP d.o.o<\/h3>\n<p style=\"padding-left: 30px;\"><span style=\"color: #000000;\"><strong><span style=\"color: #00b8f0;\">address:<\/span><\/strong> Hrastulje 3, 8275 \u0160kocjan, Slovenija\u00a0\u00a0\u00a0\u00a0\u00a0\u00a0\u00a0\u00a0\u00a0\u00a0\u00a0\u00a0\u00a0\u00a0\u00a0\u00a0\u00a0\u00a0\u00a0\u00a0 <\/span><br \/>\n<span style=\"color: #000000;\"><strong><span style=\"color: #00b8f0;\"><img loading=\"lazy\" decoding=\"async\" class=\"wp-image-180 alignright\" src=\"http:\/\/www.it-p.si\/wp-content\/uploads\/2013\/10\/www.it-p.si_frontlayer_blank_layer.png\" alt=\"ITP\" width=\"440\" height=\"430\" \/><\/span><\/strong><\/span><\/p>\n<p style=\"padding-left: 30px;\"><span style=\"color: #000000;\"><strong><span style=\"color: #00b8f0;\">Tax number:<\/span><\/strong> SI29978726<\/span><\/p>\n<p style=\"padding-left: 30px;\"><span style=\"color: #000000;\"><strong><span style=\"color: #00b8f0;\">Registration number:<\/span><\/strong> 2305208000<\/span><\/p>\n<p style=\"padding-left: 30px;\"><span style=\"color: #000000;\"><strong><span style=\"color: #00b8f0;\">TRR:<\/span><\/strong> IBAN SI56 0297 0025 9031 487 (odprt pri NLB d.d.)<\/span><\/p>\n<p style=\"padding-left: 30px;\"><span style=\"color: #000000;\">\u00a0<\/span><\/p>\n<p style=\"padding-left: 30px;\"><span style=\"color: #000000;\">\u00a0<\/span><\/p>\n<p style=\"padding-left: 30px;\"><strong><span style=\"color: #00b8f0;\">Contact<\/span><\/strong><\/p>\n<p style=\"padding-left: 30px;\"><span style=\"color: #000000;\"><strong><span style=\"color: #00b8f0;\">M:<\/span><\/strong> +386 31 442 402<\/span><\/p>\n<p style=\"padding-left: 30px;\"><span style=\"color: #000000;\"><strong><span style=\"color: #00b8f0;\">T:<\/span><\/strong> +386 7 30 76 268<br \/>\n<\/span><\/p>\n<p style=\"padding-left: 30px;\"><span style=\"color: #000000;\"><strong><span style=\"color: #00b8f0;\">E:<\/span><\/strong> itp.info@it-p.si\u00a0<\/span><\/p>\n<p>&nbsp;<\/p>\n<p>&nbsp;<\/p>","protected":false},"excerpt":{"rendered":"<p>&nbsp; Naziv: ITP d.o.o Naslov: Hrastulje 3, 8275 \u0160kocjan, Slovenija\u00a0\u00a0\u00a0\u00a0\u00a0\u00a0\u00a0\u00a0\u00a0\u00a0\u00a0\u00a0\u00a0\u00a0\u00a0\u00a0\u00a0\u00a0\u00a0\u00a0 Dav\u010dna \u0161tevilka: SI29978726 Mati\u010dna \u0161tevilka: 2305208000 TRR: IBAN SI56 0297 0025 9031 487 (odprt pri NLB d.d.) \u00a0 \u00a0 Kontakti M: +386 31 442 402 T: +386 7 30 76 268 E: itp.info@it-p.si\u00a0 &nbsp; &nbsp;<\/p>","protected":false},"author":1,"featured_media":0,"parent":327,"menu_order":1,"comment_status":"closed","ping_status":"closed","template":"","meta":{"_eb_attr":"","footnotes":""},"class_list":["post-61","page","type-page","status-publish","hentry"],"_links":{"self":[{"href":"https:\/\/www.it-p.si\/en\/wp-json\/wp\/v2\/pages\/61","targetHints":{"allow":["GET"]}}],"collection":[{"href":"https:\/\/www.it-p.si\/en\/wp-json\/wp\/v2\/pages"}],"about":[{"href":"https:\/\/www.it-p.si\/en\/wp-json\/wp\/v2\/types\/page"}],"author":[{"embeddable":true,"href":"https:\/\/www.it-p.si\/en\/wp-json\/wp\/v2\/users\/1"}],"replies":[{"embeddable":true,"href":"https:\/\/www.it-p.si\/en\/wp-json\/wp\/v2\/comments?post=61"}],"version-history":[{"count":16,"href":"https:\/\/www.it-p.si\/en\/wp-json\/wp\/v2\/pages\/61\/revisions"}],"predecessor-version":[{"id":515,"href":"https:\/\/www.it-p.si\/en\/wp-json\/wp\/v2\/pages\/61\/revisions\/515"}],"up":[{"embeddable":true,"href":"https:\/\/www.it-p.si\/en\/wp-json\/wp\/v2\/pages\/327"}],"wp:attachment":[{"href":"https:\/\/www.it-p.si\/en\/wp-json\/wp\/v2\/media?parent=61"}],"curies":[{"name":"wp","href":"https:\/\/api.w.org\/{rel}","templated":true}]}}